{"id":59,"date":"2024-06-29T21:56:13","date_gmt":"2024-06-29T19:56:13","guid":{"rendered":"https:\/\/shoua.novoingenios.com\/?page_id=59"},"modified":"2024-07-18T03:01:16","modified_gmt":"2024-07-18T01:01:16","slug":"servicios","status":"publish","type":"page","link":"https:\/\/shouaperu.com\/en\/servicios\/","title":{"rendered":"SERVICES"},"content":{"rendered":"<div class=\"wp-block-uagb-container uagb-block-52244aae alignfull uagb-is-root-container\"><div class=\"uagb-container-inner-blocks-wrap\">\n<h4 class=\"wp-block-heading has-text-align-center has-background-color has-text-color has-background has-gotham-light-font-family\" style=\"background-color:#886c96;margin-top:0px;margin-right:0px;margin-bottom:0px;margin-left:0px;padding-top:10px;padding-right:0;padding-bottom:10px;padding-left:0;font-size:35px;font-style:normal;font-weight:300;letter-spacing:5px;line-height:1.3\">SERVICES<\/h4>\n<\/div><\/div>\n\n\n\n<div class=\"alignnormal\"><div id=\"metaslider-id-61\" style=\"width: 100%;\" class=\"ml-slider-3-101-0 metaslider metaslider-flex metaslider-61 ml-slider ms-theme-default nav-hidden\" role=\"region\" aria-label=\"DIAPOS SERVICIOS\" data-height=\"1080\" data-width=\"1920\">\n    <div id=\"metaslider_container_61\">\n        <div id=\"metaslider_61\">\n            <ul class='slides'>\n                <li style=\"display: block; width: 100%;\" class=\"slide-67 ms-image\" aria-roledescription=\"slide\" data-date=\"2024-06-29 22:03:39\"><img loading=\"lazy\" decoding=\"async\" src=\"https:\/\/shouaperu.com\/wp-content\/uploads\/2024\/06\/M1-scaled-1920x1080.jpg\" height=\"1080\" width=\"1920\" alt=\"\" class=\"slider-61 slide-67 msDefaultImage\" title=\"M1\" \/><div class=\"caption-wrap\"><div class=\"caption\"><div style=\"text-align:center;\">MEDITATION<\/div><\/div><\/div><\/li>\n                <li style=\"display: none; width: 100%;\" class=\"slide-68 ms-image\" aria-roledescription=\"slide\" data-date=\"2024-06-29 22:03:39\"><img loading=\"lazy\" decoding=\"async\" src=\"https:\/\/shouaperu.com\/wp-content\/uploads\/2024\/06\/M2-scaled-1920x1080.jpg\" height=\"1080\" width=\"1920\" alt=\"\" class=\"slider-61 slide-68 msDefaultImage\" title=\"M2\" \/><div class=\"caption-wrap\"><div class=\"caption\"><div style=\"text-align:center;\">REIKI<\/div><\/div><\/div><\/li>\n                <li style=\"display: none; width: 100%;\" class=\"slide-69 ms-image\" aria-roledescription=\"slide\" data-date=\"2024-06-29 22:03:39\"><img loading=\"lazy\" decoding=\"async\" src=\"https:\/\/shouaperu.com\/wp-content\/uploads\/2024\/06\/M3-scaled-1920x1080.jpg\" height=\"1080\" width=\"1920\" alt=\"\" class=\"slider-61 slide-69 msDefaultImage\" title=\"M3\" \/><div class=\"caption-wrap\"><div class=\"caption\"><div style=\"text-align:center;\">ACUPUNCTURE AND MOXIBUSTION<\/div><\/div><\/div><\/li>\n                <li style=\"display: none; width: 100%;\" class=\"slide-70 ms-image\" aria-roledescription=\"slide\" data-date=\"2024-06-29 22:03:39\"><img loading=\"lazy\" decoding=\"async\" src=\"https:\/\/shouaperu.com\/wp-content\/uploads\/2024\/06\/T.FISICA6-1600x900.jpg\" height=\"1080\" width=\"1920\" alt=\"\" class=\"slider-61 slide-70 msDefaultImage\" title=\"T.FISICA6\" \/><div class=\"caption-wrap\"><div class=\"caption\"><div style=\"text-align:center;\">PHYSICAL THERAPY<\/div><\/div><\/div><\/li>\n            <\/ul>\n        <\/div>\n        \n    <\/div>\n<\/div><\/div>\n\n\n\n<div class=\"wp-block-uagb-container uagb-block-1e0f6855 alignwide uagb-is-root-container\">\n<div class=\"wp-block-uagb-info-box uagb-block-399b4c93 uagb-infobox__content-wrap  uagb-infobox-icon-above-title uagb-infobox-image-valign-top\"><div class=\"uagb-ifb-content\"><div class=\"uagb-ifb-image-content\"><img decoding=\"async\" src=\"https:\/\/sharon.facipub.org\/wp-content\/uploads\/2024\/06\/icon-medita-1-300x174.png\" alt=\"\" width=\"\" height=\"0\" loading=\"lazy\"\/><\/div><div class=\"uagb-ifb-title-wrap\"><h3 class=\"uagb-ifb-title\">MEDITATION<\/h3><\/div><\/div><\/div>\n\n\n\n<div class=\"wp-block-uagb-container uagb-block-af09ad2f\">\n<p class=\"has-gotham-light-font-family\" style=\"margin-top:0px;margin-bottom:0px;padding-top:0;padding-bottom:0;font-size:14px;font-style:normal;font-weight:400;line-height:1.5\">Meditation is the discipline of silence practised to calm the body, mind, soul and spirit. It is one of the most significant and important practices in the spiritual realm of the human being and is the one that brings about changes at the level of cognitive awareness. The origin of meditation lies in the origin of the Zen concept, which refers to the transmission of the light of Buddhist wisdom that occurs in silence.<\/p>\n\n\n\n<p class=\"has-gotham-light-font-family\" style=\"margin-top:0;margin-bottom:0;padding-top:0;padding-bottom:0;font-size:14px;font-style:normal;font-weight:400\">Archaeologists have found figures and engravings in India dating back to 3000 BC, showing figures sitting in the classical meditation posture - Lotus Flower - so meditation is believed to be at least 5,000 years old. Philosophers and mystics of all ages agree that silence is the beginning of the highest knowledge.<\/p>\n\n\n\n<p class=\"has-gotham-light-font-family\" style=\"margin-top:0;margin-bottom:0;padding-top:0;padding-bottom:0;font-size:14px\">Around the 6th and 5th centuries BC different forms of meditation developed in Taoist China and Buddhist India. The exact origin of Buddhist meditation has not been perfectly defined, although the first texts referring to meditation appear in the Pali Sutras, where the formula for salvation was listed following the four basic rules: observance of the rules of morality, contemplative concentration, knowledge and liberation.<\/p>\n\n\n\n<p class=\"has-gotham-light-font-family\" style=\"margin-top:0;margin-bottom:0;padding-top:0;padding-bottom:0;font-size:14px\">Meditation can be practised individually or in a group, with group meditation practice generating the highest rate of personal empathy by enhancing individual energies, resulting in a different and very enriching experience.<\/p>\n\n\n\n<p class=\"has-gotham-light-font-family\" style=\"margin-top:0;margin-bottom:0;padding-top:0;padding-bottom:0;font-size:14px\">\"Meditation brings wisdom; lack of meditation leaves ignorance. Know well what leads you forward and what holds you back, and choose the path that leads to wisdom\" (Buddha).<\/p>\n\n\n\n<p class=\"has-gotham-light-font-family has-medium-font-size\" style=\"font-style:normal;font-weight:900;text-transform:uppercase\"><strong>Some types of Meditation<\/strong><\/p>\n\n\n\n<p class=\"has-gotham-light-font-family\" style=\"margin-top:0;margin-bottom:0;padding-top:0;padding-bottom:0;font-size:14px;font-style:normal;font-weight:400\">There are many types of meditation, depending on the school or origin of it. In this section we will only refer to some examples of the most well-known types of meditation:<\/p>\n\n\n\n<p class=\"has-gotham-bold-font-family has-medium-font-size\" style=\"font-style:normal;font-weight:900\">\u00a0<strong>BUDDHIST MEDITATION<\/strong><\/p>\n\n\n\n<p class=\"has-gotham-light-font-family\" style=\"margin-top:0;margin-bottom:0;padding-top:0;padding-bottom:0;font-size:14px\">In Buddhist meditation, observation of oneself and the activities of the mind is practiced to learn not to identify with that whirlwind that takes the joy out of life in the present.<\/p>\n\n\n\n<p class=\"has-gotham-bold-font-family has-medium-font-size\" style=\"margin-top:0;margin-bottom:0\"><strong>ZEN MEDITATION<\/strong><\/p>\n\n\n\n<p class=\"has-gotham-light-font-family\" style=\"margin-top:0;margin-bottom:0;padding-top:0;padding-bottom:0;font-size:14px;font-style:normal;font-weight:400\">It has its origins in Chinese tradition. It is also known as Zazen meditation, which means \u201cZen Sitting\u201d or \u201cSitting Meditation.\u201d<\/p>\n\n\n\n<p class=\"has-gotham-bold-font-family\" style=\"font-style:normal;font-weight:900\">VIPASSANA MEDITATION<\/p>\n\n\n\n<p class=\"has-gotham-light-font-family\" style=\"margin-top:0;margin-bottom:0;padding-top:0;padding-bottom:0;font-size:14px;font-style:normal;font-weight:400\">The objective of Vipassana meditation is self-observation and inner knowledge to achieve Nirvana.<\/p>\n\n\n\n<p class=\"has-gotham-bold-font-family has-medium-font-size\" style=\"font-style:normal;font-weight:900\">MINDFULNESS MEDITATION<\/p>\n\n\n\n<p class=\"has-gotham-light-font-family\" style=\"margin-top:0;margin-bottom:0;padding-top:0;padding-bottom:0;font-size:14px;font-style:normal;font-weight:400\">A new Western trend that attempts to detach the practice of meditation from any ideological or religious connotation. It consists of living with full attention to the present and achieving peace in this frenetic world, it is \"mental training\".<\/p>\n\n\n\n<p class=\"has-gotham-bold-font-family has-medium-font-size\" style=\"font-style:normal;font-weight:700\">MEDITATION with MANTRAS<\/p>\n\n\n\n<p class=\"has-gotham-light-font-family\" style=\"margin-top:0;margin-bottom:0;padding-top:0;padding-bottom:0;font-size:14px;font-style:normal;font-weight:400\">Mantras are a series of syllables, words or phrases that apparently have no meaning, but which according to yogic tradition connect us with virtues or divine energies. During meditation, these mantras are repeated in order to focus our mind and direct our attention. <\/p>\n\n\n\n<p class=\"has-gotham-bold-font-family has-medium-font-size\" style=\"font-style:normal;font-weight:700\">TRANSCEDENTAL MEDITATION<\/p>\n\n\n\n<p class=\"has-gotham-light-font-family\" style=\"margin-top:0;margin-bottom:0;padding-top:0;padding-bottom:0;font-size:14px;font-style:normal;font-weight:400\">Transcendental meditation is one of the types of meditation most studied by science for its innumerable benefits, but at the same time it is also one of the most criticized, perhaps because transcendental meditation is only taught in authorized centers that must have the approval of the Maharishi Mahesh Institute<\/p>\n\n\n\n<p class=\"has-gotham-bold-font-family has-medium-font-size\" style=\"font-style:normal;font-weight:900\">YOGA MEDITATION<\/p>\n\n\n\n<p class=\"has-gotham-light-font-family\" style=\"margin-top:0;margin-bottom:0;padding-top:0;padding-bottom:0;font-size:14px;font-style:normal;font-weight:400;line-height:1.5\">Among the types of meditation, we must highlight those that are associated with the tradition and practice of yoga, such as Chakra meditations, Kundalini Yoga, Kriya Yoga, Tantra, Pranayama or Nada Yoga.<\/p>\n\n\n\n<p class=\"has-gotham-bold-font-family has-medium-font-size\" style=\"font-style:normal;font-weight:700\">TAOIST MEDITATION<\/p>\n\n\n\n<p class=\"has-gotham-light-font-family\" style=\"margin-top:0;margin-bottom:0;padding-top:0;padding-bottom:0;font-size:14px;font-style:normal;font-weight:400\">The characteristic of this type of meditation is the generation, transformation and distribution of inner energy. Inner silence is the basis of Taoist meditation. It is about the silence that appears little by little and subtly as you advance in the practice of meditation. <\/p>\n\n\n\n<p class=\"has-gotham-bold-font-family has-medium-font-size\" style=\"font-style:normal;font-weight:900\">VISUALIZATIONS<\/p>\n\n\n\n<p class=\"has-gotham-light-font-family\" style=\"margin-top:0;margin-bottom:0;padding-top:0;padding-bottom:0;font-size:14px;font-style:normal;font-weight:400\">A type of meditation more suitable for beginners. It can help you understand a problem that resides in your subconscious. It is the way to bring to light what you want. There are many types of visualizations such as: positive thoughts, learning to forgive, discovering what you want, etc.<\/p>\n<\/div>\n<\/div>\n\n\n\n<div class=\"wp-block-uagb-container uagb-block-9895f05a alignwide uagb-is-root-container\">\n<div class=\"wp-block-uagb-info-box uagb-block-6b427d68 uagb-infobox__content-wrap  uagb-infobox-icon-above-title uagb-infobox-image-valign-top\"><div class=\"uagb-ifb-content\"><div class=\"uagb-ifb-image-content\"><img decoding=\"async\" src=\"https:\/\/shoua.novoingenios.com\/wp-content\/uploads\/2024\/06\/icon-reiki-300x192.png\" alt=\"\" width=\"\" height=\"0\" loading=\"lazy\"\/><\/div><div class=\"uagb-ifb-title-wrap\"><h3 class=\"uagb-ifb-title\">REIKI<\/h3><\/div><\/div><\/div>\n\n\n\n<div class=\"wp-block-uagb-container uagb-block-a9cad82e\">\n<p class=\"has-text-align-left has-text-color has-link-color has-gotham-light-font-family wp-elements-5308aa7a1927b437d79234e05839208a\" style=\"color:#675976;font-size:14px;font-style:normal;font-weight:400\">It is a natural healing system or technique for healing the spirit and therefore the body, through the channeling of vital energy with the hands.<br>Born at the beginning of the 20th century, its origin is in Japan, with the great Master Mikao Usui, born on the 15th of August 1865 in the Japanese province of Gifu. He married Sadako Suzuki and had two children. He died in Fukuyama on the 9th of March 1926. Throughout his life he held various official positions in his native Japan.<br>He was a person with great spiritual concerns. His interest focused on having a direct experience of the healing processes mentioned in Buddhist scriptures.<br>Mikao Usui Sensei understood that an enlightened or conscious person contributes a lot to everyday life and considered that: \u201cif every house had a member who practiced Reiki, the world would be a different place.\u201d<br>Traditional Japanese beliefs regarding health and wellness are very different from those in Western countries. For example, the Japanese term for being healthy \u201cgenki de\u201d means being in the original \u201cki\u201d (there is no literal translation, but the meaning is mind, spirit, soul or heart), which contrasts with the term for being sick \u201cby\u00f4ki\u201d which means sick ki. Health is, therefore, a condition of the mind, and being healthy is the original state of the body.<br>Mikao Usui Sensei enunciated five principles or gokai that are actually universal behavioral patterns that help us on our path through life, guiding us and bringing us closer to spiritual evolution.<br>\u2022 Kyo dake wa Ikaru-na\/ Just for today<br>\u2022 Kyo dake wa Shinpai suna \/ Let go of anger<br>\u2022 Kyo dake wa Gyo o hage me\/ Leave the worry<br>\u2022 Kyodake wa Kansha Shite\/ Do your homework with enthusiasm<br>\u2022 Kyodeke wa Hito ni shinsetsu ni\/ Be grateful, be kind to everything<br><br>Today the World Health Organization (WHO) presents Reiki as one of the multidisciplinary health practices valid for care at the community level within the Health System.<br><br>Reiki has several levels, and those who study it must receive their education from a Master. Students can reach Level 1, Level 2, Level 3, and even Master level.<br>Reiki is in itself a very complete healing system and has treatments for various types of ailments such as: functional disorders of the nerves, disorders of the respiratory system, functional disorders of the digestive organs, the circulatory system, blood metabolism and of the urogenital tract, surgical wounds and functional skin disorders, childhood diseases, women's diseases and also contagious diseases.<\/p>\n<\/div>\n<\/div>\n\n\n\n<div class=\"wp-block-uagb-container uagb-block-17cb50c3 alignwide uagb-is-root-container\">\n<div class=\"wp-block-uagb-info-box uagb-block-744c2ee1 uagb-infobox__content-wrap  uagb-infobox-icon-above-title uagb-infobox-image-valign-top\"><div class=\"uagb-ifb-content\"><div class=\"uagb-ifb-image-content\"><img decoding=\"async\" src=\"https:\/\/shoua.novoingenios.com\/wp-content\/uploads\/2024\/06\/icon-acupuntura-300x94.png\" alt=\"\" width=\"\" height=\"0\" loading=\"lazy\"\/><\/div><div class=\"uagb-ifb-title-wrap\"><h3 class=\"uagb-ifb-title\">ACUPUNCTURE AND MOXIBUSTION<\/h3><\/div><\/div><\/div>\n\n\n\n<div class=\"wp-block-uagb-container uagb-block-58973ccd\">\n<p class=\"has-text-align-left has-gotham-light-font-family\" style=\"font-size:14px;font-style:normal;font-weight:400\">Traditional Chinese medicine is a precious legacy from five thousand years ago with a permanent projection in the present and maintains that the human body is a small universe united by channels of light through which Qi (energy) travels, and this taking into account that, when it comes to treating man for an illness, it is inevitable to treat his affective, emotional, psychological factors, etc., which are affecting his illness. Acupuncture and Moxibustion are the best known.<\/p>\n\n\n\n<p class=\"has-text-align-left has-gotham-light-font-family\" style=\"font-size:14px;font-style:normal;font-weight:400\">In Acupuncture, needles are inserted into certain points of these channels to restore the body's balance and try to cure and prevent illness. The needles are selected according to the conditions of the patient and are used to puncture the chosen points and stimulate them. <\/p>\n\n\n\n<p class=\"has-gotham-light-font-family\" style=\"font-size:14px;font-style:normal;font-weight:400\">Stimulation of the points can also be done with Moxibustion, which is done by burning artemisia (moxa). It usually involves two modalities: a direct one, in which artemisia cones are applied to the selected points, and an indirect one, in which an artemisia stick is held at a certain distance from the surface of the body to heat the chosen area. The cones and sticks are made of dried mugwort leaves. <\/p>\n\n\n\n<p class=\"has-gotham-light-font-family has-medium-font-size\" style=\"margin-top:0;margin-bottom:0\">TERAPIA DE VENTOSAS<\/p>\n\n\n\n<p class=\"has-gotham-light-font-family\" style=\"font-size:14px;font-style:normal;font-weight:400\">Cupping therapy has a long history in China dating back more than 2,000 years and is part of Traditional Chinese Medicine (TCM) treatment. Data is found in ancient works from the Jin dynasty (265-420) in which applications with this method are already detailed.\nIts basic principle is the application of a suction cup on the skin, to which we will cause a vacuum effect, in order to improve the local vascularization of the area, thus allowing a greater flow of oxygen and nutrients in the affected area. Cupping can be used for any illness caused by cold wind and to stimulate the functionality of the autoimmune system.\nNowadays it is also used aesthetically to reduce cellulite, fat and promote circulation that stimulates blood detoxification.\nChinese cupping can relieve headaches, migraines, some skin problems (eczema, acne), the effects of stress, insomnia, or functional colopathies (constipation). Many patients who resort to this technique attest to its good results.<\/p>\n<\/div>\n<\/div>\n\n\n\n<div class=\"wp-block-uagb-container uagb-block-23f782f7 alignwide uagb-is-root-container\">\n<div class=\"wp-block-uagb-info-box uagb-block-68fe0992 uagb-infobox__content-wrap  uagb-infobox-icon-above-title uagb-infobox-image-valign-top\"><div class=\"uagb-ifb-content\"><div class=\"uagb-ifb-image-content\"><img decoding=\"async\" src=\"https:\/\/shoua.novoingenios.com\/wp-content\/uploads\/2024\/07\/DIBUJO-TERAPIA-FISICA-OK-1-225x300.webp\" alt=\"\" width=\"158\" height=\"210\" loading=\"lazy\"\/><\/div><div class=\"uagb-ifb-title-wrap\"><h3 class=\"uagb-ifb-title\">PHYSICAL THERAPY<\/h3><\/div><\/div><\/div>\n\n\n\n<div class=\"wp-block-uagb-container uagb-block-123596a0\">\n<p class=\"has-text-align-left has-gotham-light-font-family\" style=\"margin-top:0;margin-bottom:0;padding-top:0;padding-bottom:0;font-size:14px;font-style:normal;font-weight:400\">Defined as a discipline that offers non-pharmacological rehabilitation therapeutic treatment to diagnose, prevent and treat symptoms of multiple ailments, both acute and chronic. It is done through a set of methods, procedures, implements, of manual application.<\/p>\n\n\n\n<p class=\"has-gotham-light-font-family\" style=\"margin-top:0;margin-bottom:0;padding-top:0;padding-bottom:0;font-size:14px;font-style:normal;font-weight:400\">Physical therapy is a safe and conservative approach, it has a preventive nature and is recommended for all those who want to enjoy good health, through the use of various techniques and exercises.<\/p>\n\n\n\n<p class=\"has-gotham-light-font-family\" style=\"margin-top:0;margin-bottom:0;padding-top:0;padding-bottom:0;font-size:14px;font-style:normal;font-weight:400\">The lesser known benefit of physical therapy is that it helps manage age-related health problems by avoiding complex surgical procedures by preventing and controlling the physical deterioration of muscle strength, flexibility and joint mobility.<\/p>\n\n\n\n<p class=\"has-gotham-light-font-family\" style=\"margin-top:0;margin-bottom:0;padding-top:0;padding-bottom:0;font-size:14px;font-style:normal;font-weight:400\">Knowing now that physical therapy not only serves to recover after an injury or illness, but also increases well-being, quality of life in general and helps you feel better without having to have a specific problem to correct. \u00bfDo you dare to include it in your preventive health routine?<\/p>\n<\/div>\n<\/div>","protected":false},"excerpt":{"rendered":"<p>SERVICIOS La meditaci\u00f3n es la disciplina del silencio que se practica para calmar el cuerpo, la mente, el alma y el esp\u00edritu. Es una de las pr\u00e1cticas m\u00e1s significativas e importantes en el \u00e1mbito espiritual del ser humano y es la provoca cambios a nivel de conciencia cognitiva. El origen de la meditaci\u00f3n est\u00e1 en [&hellip;]<\/p>","protected":false},"author":1,"featured_media":0,"parent":0,"menu_order":0,"comment_status":"closed","ping_status":"closed","template":"","meta":{"_uag_custom_page_level_css":"","_swt_meta_header_display":false,"_swt_meta_footer_display":false,"_swt_meta_site_title_display":true,"_swt_meta_sticky_header":false,"_swt_meta_transparent_header":false,"_joinchat":[],"footnotes":""},"class_list":["post-59","page","type-page","status-publish","hentry"],"uagb_featured_image_src":{"full":false,"thumbnail":false,"medium":false,"medium_large":false,"large":false,"1536x1536":false,"2048x2048":false,"trp-custom-language-flag":false},"uagb_author_info":{"display_name":"SHOUA.Terapias","author_link":"https:\/\/shouaperu.com\/en\/author\/shoua-terapias\/"},"uagb_comment_info":0,"uagb_excerpt":"SERVICIOS La meditaci\u00f3n es la disciplina del silencio que se practica para calmar el cuerpo, la mente, el alma y el esp\u00edritu. Es una de las pr\u00e1cticas m\u00e1s significativas e importantes en el \u00e1mbito espiritual del ser humano y es la provoca cambios a nivel de conciencia cognitiva. El origen de la meditaci\u00f3n est\u00e1 en&hellip;","_links":{"self":[{"href":"https:\/\/shouaperu.com\/en\/wp-json\/wp\/v2\/pages\/59","targetHints":{"allow":["GET"]}}],"collection":[{"href":"https:\/\/shouaperu.com\/en\/wp-json\/wp\/v2\/pages"}],"about":[{"href":"https:\/\/shouaperu.com\/en\/wp-json\/wp\/v2\/types\/page"}],"author":[{"embeddable":true,"href":"https:\/\/shouaperu.com\/en\/wp-json\/wp\/v2\/users\/1"}],"replies":[{"embeddable":true,"href":"https:\/\/shouaperu.com\/en\/wp-json\/wp\/v2\/comments?post=59"}],"version-history":[{"count":19,"href":"https:\/\/shouaperu.com\/en\/wp-json\/wp\/v2\/pages\/59\/revisions"}],"predecessor-version":[{"id":237,"href":"https:\/\/shouaperu.com\/en\/wp-json\/wp\/v2\/pages\/59\/revisions\/237"}],"wp:attachment":[{"href":"https:\/\/shouaperu.com\/en\/wp-json\/wp\/v2\/media?parent=59"}],"curies":[{"name":"wp","href":"https:\/\/api.w.org\/{rel}","templated":true}]}}